{"id":159,"date":"2025-07-09T05:58:41","date_gmt":"2025-07-09T05:58:41","guid":{"rendered":"https:\/\/sciagapao.com\/?page_id=159"},"modified":"2025-07-09T06:43:08","modified_gmt":"2025-07-09T06:43:08","slug":"entretien-maintenance-et-travaux-techniques","status":"publish","type":"page","link":"https:\/\/sciagapao.com\/?page_id=159","title":{"rendered":"ENTRETIEN MAINTENANCE ET TRAVAUX TECHNIQUES"},"content":{"rendered":"\t\t<div data-elementor-type=\"wp-page\" data-elementor-id=\"159\" class=\"elementor elementor-159\">\n\t\t\t\t<div class=\"elementor-element elementor-element-2d50f3a e-flex e-con-boxed e-con e-parent\" data-id=\"2d50f3a\" data-element_type=\"container\" data-settings=\"{&quot;background_background&quot;:&quot;classic&quot;}\">\n\t\t\t\t\t<div class=\"e-con-inner\">\n\t\t\t\t<div class=\"elementor-element elementor-element-0b76f6c elementor-align-center elementor-widget elementor-widget-button\" data-id=\"0b76f6c\" data-element_type=\"widget\" data-widget_type=\"button.default\">\n\t\t\t\t\t\t\t\t\t\t<a class=\"elementor-button elementor-button-link elementor-size-sm\" href=\"https:\/\/sciagapao.com\/\">\n\t\t\t\t\t\t<span class=\"elementor-button-content-wrapper\">\n\t\t\t\t\t\t\t\t\t<span class=\"elementor-button-text\">RETOUR A L'ACCUEIL<\/span>\n\t\t\t\t\t<\/span>\n\t\t\t\t\t<\/a>\n\t\t\t\t\t\t\t\t<\/div>\n\t\t\t\t<div class=\"elementor-element elementor-element-6a28b9a elementor-widget elementor-widget-heading\" data-id=\"6a28b9a\" data-element_type=\"widget\" data-widget_type=\"heading.default\">\n\t\t\t\t\t<h2 class=\"elementor-heading-title elementor-size-default\">ENTRETIEN, MAINTENANCE ET TRAVAUX TECHNIQUES<\/h2>\t\t\t\t<\/div>\n\t\t\t\t\t<\/div>\n\t\t\t\t<\/div>\n\t\t<div class=\"elementor-element elementor-element-b417b27 e-flex e-con-boxed e-con e-parent\" data-id=\"b417b27\" data-element_type=\"container\" data-settings=\"{&quot;background_background&quot;:&quot;classic&quot;}\">\n\t\t\t\t\t<div class=\"e-con-inner\">\n\t\t\t\t<div class=\"elementor-element elementor-element-c902f5c elementor-widget elementor-widget-text-editor\" data-id=\"c902f5c\" data-element_type=\"widget\" data-widget_type=\"text-editor.default\">\n\t\t\t\t\t\t\t\t\t<p>En entretien, maintenance et travaux techniques, il s&rsquo;agit d&rsquo;un ensemble d&rsquo;activit\u00e9s visant \u00e0 assurer le bon fonctionnement, la s\u00e9curit\u00e9 et la long\u00e9vit\u00e9 des \u00e9quipements, des b\u00e2timents et des infrastructures. Ces activit\u00e9s peuvent inclure des t\u00e2ches pr\u00e9ventives (inspections, nettoyage, lubrification) pour \u00e9viter les pannes, ainsi que des interventions correctives (r\u00e9parations) pour r\u00e9soudre les probl\u00e8mes rencontr\u00e9s.\u00a0<\/p>\t\t\t\t\t\t\t\t<\/div>\n\t\t\t\t\t<\/div>\n\t\t\t\t<\/div>\n\t\t<div class=\"elementor-element elementor-element-99761b3 e-flex e-con-boxed e-con e-parent\" data-id=\"99761b3\" data-element_type=\"container\">\n\t\t\t\t\t<div class=\"e-con-inner\">\n\t\t<div class=\"elementor-element elementor-element-bdde997 e-con-full e-flex e-con e-child\" data-id=\"bdde997\" data-element_type=\"container\">\n\t\t\t\t<div class=\"elementor-element elementor-element-469984d elementor-widget elementor-widget-heading\" data-id=\"469984d\" data-element_type=\"widget\" data-widget_type=\"heading.default\">\n\t\t\t\t\t<h2 class=\"elementor-heading-title elementor-size-default\">ENTRETIEN<\/h2>\t\t\t\t<\/div>\n\t\t\t\t<\/div>\n\t\t<div class=\"elementor-element elementor-element-5716e1f e-con-full e-flex e-con e-child\" data-id=\"5716e1f\" data-element_type=\"container\">\n\t\t\t\t<div class=\"elementor-element elementor-element-0e1722f elementor-widget elementor-widget-text-editor\" data-id=\"0e1722f\" data-element_type=\"widget\" data-widget_type=\"text-editor.default\">\n\t\t\t\t\t\t\t\t\t<p>\u00a0\u2022 L&rsquo;entretien courant comprend les actions r\u00e9guli\u00e8res pour maintenir les \u00e9quipements et les installations en bon \u00e9tat de fonctionnement.\u00a0\u2028<\/p><p><br \/>\u2022 Cela englobe le nettoyage, le d\u00e9poussi\u00e9rage, le graissage, le remplacement de petites pi\u00e8ces us\u00e9es, etc.\u00a0\u2028<\/p><p><br \/>\u2022 L&rsquo;objectif est de pr\u00e9venir les pannes et de prolonger la dur\u00e9e de vie des \u00e9quipements.<\/p>\t\t\t\t\t\t\t\t<\/div>\n\t\t\t\t<\/div>\n\t\t\t\t\t<\/div>\n\t\t\t\t<\/div>\n\t\t<div class=\"elementor-element elementor-element-2b06fa9 e-flex e-con-boxed e-con e-parent\" data-id=\"2b06fa9\" data-element_type=\"container\">\n\t\t\t\t\t<div class=\"e-con-inner\">\n\t\t<div class=\"elementor-element elementor-element-bac59ea e-con-full e-flex e-con e-child\" data-id=\"bac59ea\" data-element_type=\"container\">\n\t\t\t\t<div class=\"elementor-element elementor-element-c0cfaa3 elementor-widget elementor-widget-heading\" data-id=\"c0cfaa3\" data-element_type=\"widget\" data-widget_type=\"heading.default\">\n\t\t\t\t\t<h2 class=\"elementor-heading-title elementor-size-default\">MAINTENANCE<\/h2>\t\t\t\t<\/div>\n\t\t\t\t<\/div>\n\t\t<div class=\"elementor-element elementor-element-326af1d e-con-full e-flex e-con e-child\" data-id=\"326af1d\" data-element_type=\"container\">\n\t\t\t\t<div class=\"elementor-element elementor-element-9389682 elementor-widget elementor-widget-text-editor\" data-id=\"9389682\" data-element_type=\"widget\" data-widget_type=\"text-editor.default\">\n\t\t\t\t\t\t\t\t\t<p>\u00a0\u2022 La maintenance englobe un ensemble plus large d&rsquo;activit\u00e9s, incluant l&rsquo;entretien pr\u00e9ventif et la maintenance corrective.\u00a0\u2028<\/p><p><br \/>\u2022 La maintenance pr\u00e9ventive vise \u00e0 anticiper les probl\u00e8mes en effectuant des inspections r\u00e9guli\u00e8res et en r\u00e9alisant des op\u00e9rations de maintenance planifi\u00e9es.\u00a0\u2028<\/p><p><br \/>\u2022 La maintenance corrective intervient apr\u00e8s une panne pour remettre les \u00e9quipements en \u00e9tat de fonctionnement.\u00a0\u2028<\/p><p><br \/>\u2022 Il existe diff\u00e9rents types de maintenance : pr\u00e9ventive, corrective, conditionnelle et syst\u00e9matique selon Divalto.<\/p>\t\t\t\t\t\t\t\t<\/div>\n\t\t\t\t<\/div>\n\t\t\t\t\t<\/div>\n\t\t\t\t<\/div>\n\t\t<div class=\"elementor-element elementor-element-139e306 e-flex e-con-boxed e-con e-parent\" data-id=\"139e306\" data-element_type=\"container\">\n\t\t\t\t\t<div class=\"e-con-inner\">\n\t\t<div class=\"elementor-element elementor-element-bcb092b e-con-full e-flex e-con e-child\" data-id=\"bcb092b\" data-element_type=\"container\">\n\t\t\t\t<div class=\"elementor-element elementor-element-fa30a85 elementor-widget elementor-widget-heading\" data-id=\"fa30a85\" data-element_type=\"widget\" data-widget_type=\"heading.default\">\n\t\t\t\t\t<h2 class=\"elementor-heading-title elementor-size-default\">TRAVAUX TECHNIQUES<\/h2>\t\t\t\t<\/div>\n\t\t\t\t<\/div>\n\t\t<div class=\"elementor-element elementor-element-d3babc1 e-con-full e-flex e-con e-child\" data-id=\"d3babc1\" data-element_type=\"container\">\n\t\t\t\t<div class=\"elementor-element elementor-element-e4138cc elementor-widget elementor-widget-text-editor\" data-id=\"e4138cc\" data-element_type=\"widget\" data-widget_type=\"text-editor.default\">\n\t\t\t\t\t\t\t\t\t<p>\u00a0\u2022 Les travaux techniques peuvent englober des r\u00e9parations plus importantes, des modifications, des installations de nouveaux \u00e9quipements, ou encore des travaux de r\u00e9novation.\u00a0\u2028<\/p><p><br \/>\u2022 Ils peuvent \u00eatre r\u00e9alis\u00e9s en interne par des \u00e9quipes techniques ou externalis\u00e9s aupr\u00e8s de prestataires sp\u00e9cialis\u00e9s.\u00a0\u2028<\/p><p><br \/>\u2022 Ces travaux n\u00e9cessitent souvent des comp\u00e9tences sp\u00e9cifiques et peuvent impliquer des \u00e9tudes, des plans, des autorisations, etc.<\/p><p>\u00a0<\/p>\t\t\t\t\t\t\t\t<\/div>\n\t\t\t\t<\/div>\n\t\t\t\t\t<\/div>\n\t\t\t\t<\/div>\n\t\t\t\t<\/div>\n\t\t","protected":false},"excerpt":{"rendered":"<p>RETOUR A L&rsquo;ACCUEIL ENTRETIEN, MAINTENANCE ET TRAVAUX TECHNIQUES En entretien, maintenance et travaux techniques, il s&rsquo;agit d&rsquo;un ensemble d&rsquo;activit\u00e9s visant \u00e0 assurer le bon fonctionnement, la s\u00e9curit\u00e9 et la long\u00e9vit\u00e9 des \u00e9quipements, des b\u00e2timents et des infrastructures. Ces activit\u00e9s peuvent inclure des t\u00e2ches pr\u00e9ventives (inspections, nettoyage, lubrification) pour \u00e9viter les pannes, ainsi que des interventions [&hellip;]<\/p>\n","protected":false},"author":1,"featured_media":0,"parent":0,"menu_order":0,"comment_status":"open","ping_status":"closed","template":"elementor_canvas","meta":{"footnotes":""},"class_list":["post-159","page","type-page","status-publish","hentry"],"_links":{"self":[{"href":"https:\/\/sciagapao.com\/index.php?rest_route=\/wp\/v2\/pages\/159","targetHints":{"allow":["GET"]}}],"collection":[{"href":"https:\/\/sciagapao.com\/index.php?rest_route=\/wp\/v2\/pages"}],"about":[{"href":"https:\/\/sciagapao.com\/index.php?rest_route=\/wp\/v2\/types\/page"}],"author":[{"embeddable":true,"href":"https:\/\/sciagapao.com\/index.php?rest_route=\/wp\/v2\/users\/1"}],"replies":[{"embeddable":true,"href":"https:\/\/sciagapao.com\/index.php?rest_route=%2Fwp%2Fv2%2Fcomments&post=159"}],"version-history":[{"count":16,"href":"https:\/\/sciagapao.com\/index.php?rest_route=\/wp\/v2\/pages\/159\/revisions"}],"predecessor-version":[{"id":220,"href":"https:\/\/sciagapao.com\/index.php?rest_route=\/wp\/v2\/pages\/159\/revisions\/220"}],"wp:attachment":[{"href":"https:\/\/sciagapao.com\/index.php?rest_route=%2Fwp%2Fv2%2Fmedia&parent=159"}],"curies":[{"name":"wp","href":"https:\/\/api.w.org\/{rel}","templated":true}]}}