{"id":161,"date":"2025-07-09T06:00:12","date_gmt":"2025-07-09T06:00:12","guid":{"rendered":"https:\/\/sciagapao.com\/?page_id=161"},"modified":"2025-07-09T06:48:24","modified_gmt":"2025-07-09T06:48:24","slug":"etude-technique-et-accompagnement-des-projets","status":"publish","type":"page","link":"https:\/\/sciagapao.com\/?page_id=161","title":{"rendered":"\u00c9TUDE TECHNIQUE ET ACCOMPAGNEMENT DES PROJETS"},"content":{"rendered":"\t\t<div data-elementor-type=\"wp-page\" data-elementor-id=\"161\" class=\"elementor elementor-161\">\n\t\t\t\t<div class=\"elementor-element elementor-element-6a9bd1c e-flex e-con-boxed e-con e-parent\" data-id=\"6a9bd1c\" data-element_type=\"container\" data-settings=\"{&quot;background_background&quot;:&quot;classic&quot;}\">\n\t\t\t\t\t<div class=\"e-con-inner\">\n\t\t\t\t<div class=\"elementor-element elementor-element-21aafc5 elementor-align-center elementor-widget elementor-widget-button\" data-id=\"21aafc5\" data-element_type=\"widget\" data-widget_type=\"button.default\">\n\t\t\t\t\t\t\t\t\t\t<a class=\"elementor-button elementor-button-link elementor-size-sm\" href=\"https:\/\/sciagapao.com\/\">\n\t\t\t\t\t\t<span class=\"elementor-button-content-wrapper\">\n\t\t\t\t\t\t\t\t\t<span class=\"elementor-button-text\">RETOUR A L'ACCUEIL<\/span>\n\t\t\t\t\t<\/span>\n\t\t\t\t\t<\/a>\n\t\t\t\t\t\t\t\t<\/div>\n\t\t\t\t<div class=\"elementor-element elementor-element-f3eb3fc elementor-widget elementor-widget-heading\" data-id=\"f3eb3fc\" data-element_type=\"widget\" data-widget_type=\"heading.default\">\n\t\t\t\t\t<h2 class=\"elementor-heading-title elementor-size-default\">\u00c9TUDE TECHNIQUE ET ACCOMPAGNEMENT DES PROJETS<\/h2>\t\t\t\t<\/div>\n\t\t\t\t\t<\/div>\n\t\t\t\t<\/div>\n\t\t<div class=\"elementor-element elementor-element-2a60798 e-flex e-con-boxed e-con e-parent\" data-id=\"2a60798\" data-element_type=\"container\" data-settings=\"{&quot;background_background&quot;:&quot;classic&quot;}\">\n\t\t\t\t\t<div class=\"e-con-inner\">\n\t\t\t\t<div class=\"elementor-element elementor-element-f86694e elementor-widget elementor-widget-text-editor\" data-id=\"f86694e\" data-element_type=\"widget\" data-widget_type=\"text-editor.default\">\n\t\t\t\t\t\t\t\t\t<p>Les \u00ab\u00a0\u00e9tudes techniques et accompagnement de projets\u00a0\u00bb regroupent l&rsquo;ensemble des actions visant \u00e0 analyser la faisabilit\u00e9 technique d&rsquo;un projet, \u00e0 \u00e9laborer les solutions techniques, et \u00e0 accompagner le ma\u00eetre d&rsquo;ouvrage dans la mise en \u0153uvre de ces solutions. Cela inclut des \u00e9tudes de faisabilit\u00e9, des \u00e9tudes techniques d\u00e9taill\u00e9es, et un accompagnement tout au long du cycle du projet.\u00a0<\/p><div id=\"simple-translate\" class=\"simple-translate-system-theme\"><div><div class=\"simple-translate-button isShow\" style=\"background-image: url('moz-extension:\/\/c85cf034-4b4e-4ad0-adf0-3501edf84306\/icons\/512.png'); height: 22px; width: 22px; top: 64px; left: 50px;\">\u00a0<\/div><div class=\"simple-translate-panel \" style=\"width: 300px; height: 200px; top: 0px; left: 0px; font-size: 13px;\"><div class=\"simple-translate-result-wrapper\" style=\"overflow: hidden;\"><div class=\"simple-translate-move\" draggable=\"true\">\u00a0<\/div><div class=\"simple-translate-result-contents\"><p class=\"simple-translate-result\" dir=\"auto\">\u00a0<\/p><p class=\"simple-translate-candidate\" dir=\"auto\">\u00a0<\/p><\/div><\/div><\/div><\/div><\/div>\t\t\t\t\t\t\t\t<\/div>\n\t\t\t\t\t<\/div>\n\t\t\t\t<\/div>\n\t\t<div class=\"elementor-element elementor-element-08939a6 e-flex e-con-boxed e-con e-parent\" data-id=\"08939a6\" data-element_type=\"container\">\n\t\t\t\t\t<div class=\"e-con-inner\">\n\t\t<div class=\"elementor-element elementor-element-9eb158e e-con-full e-flex e-con e-child\" data-id=\"9eb158e\" data-element_type=\"container\">\n\t\t\t\t<div class=\"elementor-element elementor-element-63e45c5 elementor-widget elementor-widget-heading\" data-id=\"63e45c5\" data-element_type=\"widget\" data-widget_type=\"heading.default\">\n\t\t\t\t\t<h2 class=\"elementor-heading-title elementor-size-default\">ETUDES TECHNIQUES<\/h2>\t\t\t\t<\/div>\n\t\t\t\t<\/div>\n\t\t<div class=\"elementor-element elementor-element-4ec38ff e-con-full e-flex e-con e-child\" data-id=\"4ec38ff\" data-element_type=\"container\">\n\t\t\t\t<div class=\"elementor-element elementor-element-19fc400 elementor-widget elementor-widget-text-editor\" data-id=\"19fc400\" data-element_type=\"widget\" data-widget_type=\"text-editor.default\">\n\t\t\t\t\t\t\t\t\t<p>\u00a0\u2022 \u00c9tude de faisabilit\u00e9 technique : \u2028Cette \u00e9tude \u00e9value si un projet est techniquement r\u00e9alisable, en tenant compte des aspects techniques, \u00e9conomiques et temporels. Elle permet de d\u00e9terminer les ressources n\u00e9cessaires, les contraintes, et les risques potentiels.\u00a0\u2028<\/p><p><br \/>\u2022 \u00c9tudes techniques d\u00e9taill\u00e9es : \u2028Une fois la faisabilit\u00e9 valid\u00e9e, ces \u00e9tudes permettent de d\u00e9finir pr\u00e9cis\u00e9ment les solutions techniques, les plans, les sp\u00e9cifications, et les cahiers des charges n\u00e9cessaires \u00e0 la r\u00e9alisation du projet.<\/p>\t\t\t\t\t\t\t\t<\/div>\n\t\t\t\t<\/div>\n\t\t\t\t\t<\/div>\n\t\t\t\t<\/div>\n\t\t<div class=\"elementor-element elementor-element-b8de764 e-flex e-con-boxed e-con e-parent\" data-id=\"b8de764\" data-element_type=\"container\">\n\t\t\t\t\t<div class=\"e-con-inner\">\n\t\t<div class=\"elementor-element elementor-element-a0a8d5b e-con-full e-flex e-con e-child\" data-id=\"a0a8d5b\" data-element_type=\"container\">\n\t\t\t\t<div class=\"elementor-element elementor-element-84f5c0f elementor-widget elementor-widget-heading\" data-id=\"84f5c0f\" data-element_type=\"widget\" data-widget_type=\"heading.default\">\n\t\t\t\t\t<h2 class=\"elementor-heading-title elementor-size-default\">ACCOMPAGNEMENT DE PROJETS<\/h2>\t\t\t\t<\/div>\n\t\t\t\t<\/div>\n\t\t<div class=\"elementor-element elementor-element-0188119 e-con-full e-flex e-con e-child\" data-id=\"0188119\" data-element_type=\"container\">\n\t\t\t\t<div class=\"elementor-element elementor-element-049c8b6 elementor-widget elementor-widget-text-editor\" data-id=\"049c8b6\" data-element_type=\"widget\" data-widget_type=\"text-editor.default\">\n\t\t\t\t\t\t\t\t\t<p>\u2022 D\u00e9finition des besoins : \u2028Le ma\u00eetre d&rsquo;ouvrage est accompagn\u00e9 pour d\u00e9finir pr\u00e9cis\u00e9ment ses besoins et ses objectifs, ainsi que les r\u00e9sultats attendus du projet.<\/p><p>\u00a0\u2028<br \/>\u2022 Planification et organisation : \u2028L&rsquo;accompagnement inclut l&rsquo;aide \u00e0 la planification du projet, la d\u00e9finition des \u00e9tapes, la gestion des ressources, et la mise en place d&rsquo;un calendrier r\u00e9aliste.\u00a0\u2028<\/p><p><br \/>\u2022 Suivi et contr\u00f4le : \u2028Le ma\u00eetre d&rsquo;ouvrage est accompagn\u00e9 pour suivre l&rsquo;avancement du projet, contr\u00f4ler la qualit\u00e9 des travaux, et g\u00e9rer les risques potentiels.\u00a0\u2028<\/p><p><br \/>\u2022 Gestion des ressources : \u2028Cela peut inclure l&rsquo;aide \u00e0 la recherche de financements, la gestion des budgets, et la coordination des \u00e9quipes.\u00a0\u2028<\/p><p><br \/>\u2022 Formation et transfert de comp\u00e9tences : \u2028L&rsquo;accompagnement peut \u00e9galement inclure des formations pour le personnel du ma\u00eetre d&rsquo;ouvrage, afin de garantir la p\u00e9rennit\u00e9 du projet et le d\u00e9veloppement de comp\u00e9tences.\u00a0\u2028<br \/>En r\u00e9sum\u00e9, les \u00e9tudes techniques et l&rsquo;accompagnement de projets sont des outils essentiels pour garantir la r\u00e9ussite d&rsquo;un projet, en assurant sa faisabilit\u00e9, sa bonne planification, et sa r\u00e9alisation dans les meilleures conditions.\u00a0<\/p><p><br \/>En contexte de Douala, les \u00e9tudes techniques et l&rsquo;accompagnement de projets peuvent \u00eatre particuli\u00e8rement pertinents pour :<\/p><p><br \/>\u2022 Les projets de construction et d&rsquo;am\u00e9nagement urbain, n\u00e9cessitant une expertise technique pointue et un suivi rigoureux.\u00a0<\/p><p>\u00a0<\/p><p>\u2022 Les projets de d\u00e9veloppement \u00e9conomique, o\u00f9 l&rsquo;accompagnement peut aider les entreprises \u00e0 renforcer leurs capacit\u00e9s et \u00e0 s&rsquo;adapter aux \u00e9volutions du march\u00e9.\u00a0\u2028<\/p><p><br \/>\u2022 Les projets li\u00e9s \u00e0 l&rsquo;environnement et au d\u00e9veloppement durable, o\u00f9 une expertise technique est indispensable pour garantir la conformit\u00e9 aux normes et l&rsquo;efficacit\u00e9 des solutions mises en \u0153uvre.<\/p>\t\t\t\t\t\t\t\t<\/div>\n\t\t\t\t<\/div>\n\t\t\t\t\t<\/div>\n\t\t\t\t<\/div>\n\t\t\t\t<\/div>\n\t\t","protected":false},"excerpt":{"rendered":"<p>RETOUR A L&rsquo;ACCUEIL \u00c9TUDE TECHNIQUE ET ACCOMPAGNEMENT DES PROJETS Les \u00ab\u00a0\u00e9tudes techniques et accompagnement de projets\u00a0\u00bb regroupent l&rsquo;ensemble des actions visant \u00e0 analyser la faisabilit\u00e9 technique d&rsquo;un projet, \u00e0 \u00e9laborer les solutions techniques, et \u00e0 accompagner le ma\u00eetre d&rsquo;ouvrage dans la mise en \u0153uvre de ces solutions. Cela inclut des \u00e9tudes de faisabilit\u00e9, des \u00e9tudes [&hellip;]<\/p>\n","protected":false},"author":1,"featured_media":0,"parent":0,"menu_order":0,"comment_status":"open","ping_status":"closed","template":"elementor_canvas","meta":{"footnotes":""},"class_list":["post-161","page","type-page","status-publish","hentry"],"_links":{"self":[{"href":"https:\/\/sciagapao.com\/index.php?rest_route=\/wp\/v2\/pages\/161","targetHints":{"allow":["GET"]}}],"collection":[{"href":"https:\/\/sciagapao.com\/index.php?rest_route=\/wp\/v2\/pages"}],"about":[{"href":"https:\/\/sciagapao.com\/index.php?rest_route=\/wp\/v2\/types\/page"}],"author":[{"embeddable":true,"href":"https:\/\/sciagapao.com\/index.php?rest_route=\/wp\/v2\/users\/1"}],"replies":[{"embeddable":true,"href":"https:\/\/sciagapao.com\/index.php?rest_route=%2Fwp%2Fv2%2Fcomments&post=161"}],"version-history":[{"count":13,"href":"https:\/\/sciagapao.com\/index.php?rest_route=\/wp\/v2\/pages\/161\/revisions"}],"predecessor-version":[{"id":223,"href":"https:\/\/sciagapao.com\/index.php?rest_route=\/wp\/v2\/pages\/161\/revisions\/223"}],"wp:attachment":[{"href":"https:\/\/sciagapao.com\/index.php?rest_route=%2Fwp%2Fv2%2Fmedia&parent=161"}],"curies":[{"name":"wp","href":"https:\/\/api.w.org\/{rel}","templated":true}]}}