{"id":163,"date":"2025-07-09T06:01:02","date_gmt":"2025-07-09T06:01:02","guid":{"rendered":"https:\/\/sciagapao.com\/?page_id=163"},"modified":"2025-07-09T06:55:12","modified_gmt":"2025-07-09T06:55:12","slug":"gestion-locative-et-administrative","status":"publish","type":"page","link":"https:\/\/sciagapao.com\/?page_id=163","title":{"rendered":"GESTION LOCATIVE ET ADMINISTRATIVE"},"content":{"rendered":"\t\t<div data-elementor-type=\"wp-page\" data-elementor-id=\"163\" class=\"elementor elementor-163\">\n\t\t\t\t<div class=\"elementor-element elementor-element-e48f19a e-flex e-con-boxed e-con e-parent\" data-id=\"e48f19a\" data-element_type=\"container\" data-settings=\"{&quot;background_background&quot;:&quot;classic&quot;}\">\n\t\t\t\t\t<div class=\"e-con-inner\">\n\t\t\t\t<div class=\"elementor-element elementor-element-0a61603 elementor-align-center elementor-widget elementor-widget-button\" data-id=\"0a61603\" data-element_type=\"widget\" data-widget_type=\"button.default\">\n\t\t\t\t\t\t\t\t\t\t<a class=\"elementor-button elementor-button-link elementor-size-sm\" href=\"https:\/\/sciagapao.com\/\">\n\t\t\t\t\t\t<span class=\"elementor-button-content-wrapper\">\n\t\t\t\t\t\t\t\t\t<span class=\"elementor-button-text\">RETOUR A L'ACCUEIL<\/span>\n\t\t\t\t\t<\/span>\n\t\t\t\t\t<\/a>\n\t\t\t\t\t\t\t\t<\/div>\n\t\t\t\t<div class=\"elementor-element elementor-element-0e4edd0 elementor-widget elementor-widget-heading\" data-id=\"0e4edd0\" data-element_type=\"widget\" data-widget_type=\"heading.default\">\n\t\t\t\t\t<h2 class=\"elementor-heading-title elementor-size-default\">GESTION LOCATIVE ET ADMINISTRATIVE<\/h2>\t\t\t\t<\/div>\n\t\t\t\t\t<\/div>\n\t\t\t\t<\/div>\n\t\t<div class=\"elementor-element elementor-element-f9544d4 e-flex e-con-boxed e-con e-parent\" data-id=\"f9544d4\" data-element_type=\"container\" data-settings=\"{&quot;background_background&quot;:&quot;classic&quot;}\">\n\t\t\t\t\t<div class=\"e-con-inner\">\n\t\t\t\t<div class=\"elementor-element elementor-element-e8a3488 elementor-widget elementor-widget-text-editor\" data-id=\"e8a3488\" data-element_type=\"widget\" data-widget_type=\"text-editor.default\">\n\t\t\t\t\t\t\t\t\t<p>La gestion locative et administrative, aussi appel\u00e9e g\u00e9rance locative, consiste \u00e0 confier \u00e0 un tiers la gestion de votre bien immobilier en location. Cela inclut les aspects administratifs tels que la recherche de locataires, la r\u00e9daction des contrats, la perception des loyers, la gestion des charges et des \u00e9ventuels litiges. Le gestionnaire locatif, qu&rsquo;il s&rsquo;agisse d&rsquo;une agence immobili\u00e8re ou d&rsquo;un professionnel ind\u00e9pendant, se charge de toutes ces d\u00e9marches au nom du propri\u00e9taire, lui offrant ainsi un gain de temps et une tranquillit\u00e9 d&rsquo;esprit.\u00a0<\/p>\t\t\t\t\t\t\t\t<\/div>\n\t\t\t\t\t<\/div>\n\t\t\t\t<\/div>\n\t\t<div class=\"elementor-element elementor-element-e5bd8a2 e-flex e-con-boxed e-con e-parent\" data-id=\"e5bd8a2\" data-element_type=\"container\">\n\t\t\t\t\t<div class=\"e-con-inner\">\n\t\t<div class=\"elementor-element elementor-element-f2bc5e5 e-con-full e-flex e-con e-child\" data-id=\"f2bc5e5\" data-element_type=\"container\">\n\t\t\t\t<div class=\"elementor-element elementor-element-9e8d8ec elementor-widget elementor-widget-heading\" data-id=\"9e8d8ec\" data-element_type=\"widget\" data-widget_type=\"heading.default\">\n\t\t\t\t\t<h2 class=\"elementor-heading-title elementor-size-default\">RECHERCHE &amp; SELECTION DES LOCATAIRES<\/h2>\t\t\t\t<\/div>\n\t\t\t\t<\/div>\n\t\t<div class=\"elementor-element elementor-element-0990acb e-con-full e-flex e-con e-child\" data-id=\"0990acb\" data-element_type=\"container\">\n\t\t\t\t<div class=\"elementor-element elementor-element-0855945 elementor-widget elementor-widget-text-editor\" data-id=\"0855945\" data-element_type=\"widget\" data-widget_type=\"text-editor.default\">\n\t\t\t\t\t\t\t\t\t<p>Publication d&rsquo;annonces, visites, \u00e9tude des dossiers, v\u00e9rification de la solvabilit\u00e9, et r\u00e9daction des baux.\u00a0<\/p>\t\t\t\t\t\t\t\t<\/div>\n\t\t\t\t<\/div>\n\t\t\t\t\t<\/div>\n\t\t\t\t<\/div>\n\t\t<div class=\"elementor-element elementor-element-21bd082 e-flex e-con-boxed e-con e-parent\" data-id=\"21bd082\" data-element_type=\"container\">\n\t\t\t\t\t<div class=\"e-con-inner\">\n\t\t<div class=\"elementor-element elementor-element-21a5f01 e-con-full e-flex e-con e-child\" data-id=\"21a5f01\" data-element_type=\"container\">\n\t\t\t\t<div class=\"elementor-element elementor-element-efb6bbe elementor-widget elementor-widget-heading\" data-id=\"efb6bbe\" data-element_type=\"widget\" data-widget_type=\"heading.default\">\n\t\t\t\t\t<h2 class=\"elementor-heading-title elementor-size-default\">GESTION DES LOYERS &amp; DES CHARGES<\/h2>\t\t\t\t<\/div>\n\t\t\t\t<\/div>\n\t\t<div class=\"elementor-element elementor-element-e03642f e-con-full e-flex e-con e-child\" data-id=\"e03642f\" data-element_type=\"container\">\n\t\t\t\t<div class=\"elementor-element elementor-element-f999598 elementor-widget elementor-widget-text-editor\" data-id=\"f999598\" data-element_type=\"widget\" data-widget_type=\"text-editor.default\">\n\t\t\t\t\t\t\t\t\t<p>Encaissement des loyers, gestion des paiements, relance des impay\u00e9s, et gestion des charges locatives (eau, \u00e9lectricit\u00e9, etc.).\u00a0<\/p>\t\t\t\t\t\t\t\t<\/div>\n\t\t\t\t<\/div>\n\t\t\t\t\t<\/div>\n\t\t\t\t<\/div>\n\t\t<div class=\"elementor-element elementor-element-e59b611 e-flex e-con-boxed e-con e-parent\" data-id=\"e59b611\" data-element_type=\"container\">\n\t\t\t\t\t<div class=\"e-con-inner\">\n\t\t<div class=\"elementor-element elementor-element-bde8354 e-con-full e-flex e-con e-child\" data-id=\"bde8354\" data-element_type=\"container\">\n\t\t\t\t<div class=\"elementor-element elementor-element-c737287 elementor-widget elementor-widget-heading\" data-id=\"c737287\" data-element_type=\"widget\" data-widget_type=\"heading.default\">\n\t\t\t\t\t<h2 class=\"elementor-heading-title elementor-size-default\">SUIVI JURIDIQUE &amp; ADMINISTRATIF<\/h2>\t\t\t\t<\/div>\n\t\t\t\t<\/div>\n\t\t<div class=\"elementor-element elementor-element-f0094c5 e-con-full e-flex e-con e-child\" data-id=\"f0094c5\" data-element_type=\"container\">\n\t\t\t\t<div class=\"elementor-element elementor-element-4bee0ee elementor-widget elementor-widget-text-editor\" data-id=\"4bee0ee\" data-element_type=\"widget\" data-widget_type=\"text-editor.default\">\n\t\t\t\t\t\t\t\t\t<p>\u00c9tablissement des diagnostics obligatoires, gestion des d\u00e9clarations fiscales, suivi des assurances, et gestion des litiges \u00e9ventuels entre le propri\u00e9taire et le locataire.\u00a0<\/p>\t\t\t\t\t\t\t\t<\/div>\n\t\t\t\t<\/div>\n\t\t\t\t\t<\/div>\n\t\t\t\t<\/div>\n\t\t<div class=\"elementor-element elementor-element-fac638b e-flex e-con-boxed e-con e-parent\" data-id=\"fac638b\" data-element_type=\"container\">\n\t\t\t\t\t<div class=\"e-con-inner\">\n\t\t<div class=\"elementor-element elementor-element-d180d17 e-con-full e-flex e-con e-child\" data-id=\"d180d17\" data-element_type=\"container\">\n\t\t\t\t<div class=\"elementor-element elementor-element-784997a elementor-widget elementor-widget-heading\" data-id=\"784997a\" data-element_type=\"widget\" data-widget_type=\"heading.default\">\n\t\t\t\t\t<h2 class=\"elementor-heading-title elementor-size-default\">ENTRETIEN &amp; REPARATIONS<\/h2>\t\t\t\t<\/div>\n\t\t\t\t<\/div>\n\t\t<div class=\"elementor-element elementor-element-6bc5a6a e-con-full e-flex e-con e-child\" data-id=\"6bc5a6a\" data-element_type=\"container\">\n\t\t\t\t<div class=\"elementor-element elementor-element-ed5af1a elementor-widget elementor-widget-text-editor\" data-id=\"ed5af1a\" data-element_type=\"widget\" data-widget_type=\"text-editor.default\">\n\t\t\t\t\t\t\t\t\t<p>Supervision des travaux n\u00e9cessaires et gestion de l&rsquo;entretien courant du bien.\u00a0<\/p>\t\t\t\t\t\t\t\t<\/div>\n\t\t\t\t<\/div>\n\t\t\t\t\t<\/div>\n\t\t\t\t<\/div>\n\t\t<div class=\"elementor-element elementor-element-da6d18a e-flex e-con-boxed e-con e-parent\" data-id=\"da6d18a\" data-element_type=\"container\">\n\t\t\t\t\t<div class=\"e-con-inner\">\n\t\t<div class=\"elementor-element elementor-element-cc1be34 e-con-full e-flex e-con e-child\" data-id=\"cc1be34\" data-element_type=\"container\">\n\t\t\t\t<div class=\"elementor-element elementor-element-3af2f2d elementor-widget elementor-widget-heading\" data-id=\"3af2f2d\" data-element_type=\"widget\" data-widget_type=\"heading.default\">\n\t\t\t\t\t<h2 class=\"elementor-heading-title elementor-size-default\">RELATIONS AVEC LES LOCATAIRES<\/h2>\t\t\t\t<\/div>\n\t\t\t\t<\/div>\n\t\t<div class=\"elementor-element elementor-element-41cc08f e-con-full e-flex e-con e-child\" data-id=\"41cc08f\" data-element_type=\"container\">\n\t\t\t\t<div class=\"elementor-element elementor-element-721376b elementor-widget elementor-widget-text-editor\" data-id=\"721376b\" data-element_type=\"widget\" data-widget_type=\"text-editor.default\">\n\t\t\t\t\t\t\t\t\t<p>Gestion des demandes, des r\u00e9clamations, et r\u00e9solution des probl\u00e8mes qui peuvent survenir pendant la location.\u00a0<\/p>\t\t\t\t\t\t\t\t<\/div>\n\t\t\t\t<\/div>\n\t\t\t\t\t<\/div>\n\t\t\t\t<\/div>\n\t\t<div class=\"elementor-element elementor-element-7d9f4ce e-flex e-con-boxed e-con e-parent\" data-id=\"7d9f4ce\" data-element_type=\"container\">\n\t\t\t\t\t<div class=\"e-con-inner\">\n\t\t<div class=\"elementor-element elementor-element-643735b e-con-full e-flex e-con e-child\" data-id=\"643735b\" data-element_type=\"container\">\n\t\t\t\t<div class=\"elementor-element elementor-element-52b54d8 elementor-widget elementor-widget-heading\" data-id=\"52b54d8\" data-element_type=\"widget\" data-widget_type=\"heading.default\">\n\t\t\t\t\t<h2 class=\"elementor-heading-title elementor-size-default\">SUIVI DES ETATS DES LIEUX<\/h2>\t\t\t\t<\/div>\n\t\t\t\t<\/div>\n\t\t<div class=\"elementor-element elementor-element-ce92173 e-con-full e-flex e-con e-child\" data-id=\"ce92173\" data-element_type=\"container\">\n\t\t\t\t<div class=\"elementor-element elementor-element-bdee897 elementor-widget elementor-widget-text-editor\" data-id=\"bdee897\" data-element_type=\"widget\" data-widget_type=\"text-editor.default\">\n\t\t\t\t\t\t\t\t\t<p>R\u00e9alisation des \u00e9tats des lieux d&rsquo;entr\u00e9e et de sortie pour constater l&rsquo;\u00e9tat du bien avant et apr\u00e8s la location.\u00a0\u2028<\/p>\t\t\t\t\t\t\t\t<\/div>\n\t\t\t\t<\/div>\n\t\t\t\t\t<\/div>\n\t\t\t\t<\/div>\n\t\t\t\t<\/div>\n\t\t","protected":false},"excerpt":{"rendered":"<p>RETOUR A L&rsquo;ACCUEIL GESTION LOCATIVE ET ADMINISTRATIVE La gestion locative et administrative, aussi appel\u00e9e g\u00e9rance locative, consiste \u00e0 confier \u00e0 un tiers la gestion de votre bien immobilier en location. Cela inclut les aspects administratifs tels que la recherche de locataires, la r\u00e9daction des contrats, la perception des loyers, la gestion des charges et des [&hellip;]<\/p>\n","protected":false},"author":1,"featured_media":0,"parent":0,"menu_order":0,"comment_status":"open","ping_status":"closed","template":"elementor_canvas","meta":{"footnotes":""},"class_list":["post-163","page","type-page","status-publish","hentry"],"_links":{"self":[{"href":"https:\/\/sciagapao.com\/index.php?rest_route=\/wp\/v2\/pages\/163","targetHints":{"allow":["GET"]}}],"collection":[{"href":"https:\/\/sciagapao.com\/index.php?rest_route=\/wp\/v2\/pages"}],"about":[{"href":"https:\/\/sciagapao.com\/index.php?rest_route=\/wp\/v2\/types\/page"}],"author":[{"embeddable":true,"href":"https:\/\/sciagapao.com\/index.php?rest_route=\/wp\/v2\/users\/1"}],"replies":[{"embeddable":true,"href":"https:\/\/sciagapao.com\/index.php?rest_route=%2Fwp%2Fv2%2Fcomments&post=163"}],"version-history":[{"count":13,"href":"https:\/\/sciagapao.com\/index.php?rest_route=\/wp\/v2\/pages\/163\/revisions"}],"predecessor-version":[{"id":226,"href":"https:\/\/sciagapao.com\/index.php?rest_route=\/wp\/v2\/pages\/163\/revisions\/226"}],"wp:attachment":[{"href":"https:\/\/sciagapao.com\/index.php?rest_route=%2Fwp%2Fv2%2Fmedia&parent=163"}],"curies":[{"name":"wp","href":"https:\/\/api.w.org\/{rel}","templated":true}]}}