{"id":165,"date":"2025-07-09T06:02:42","date_gmt":"2025-07-09T06:02:42","guid":{"rendered":"https:\/\/sciagapao.com\/?page_id=165"},"modified":"2025-07-09T07:04:11","modified_gmt":"2025-07-09T07:04:11","slug":"promotion-vente-et-developpement-immobilier","status":"publish","type":"page","link":"https:\/\/sciagapao.com\/?page_id=165","title":{"rendered":"PROMOTION, VENTE ET D\u00c9VELOPPEMENT IMMOBILIER"},"content":{"rendered":"\t\t<div data-elementor-type=\"wp-page\" data-elementor-id=\"165\" class=\"elementor elementor-165\">\n\t\t\t\t<div class=\"elementor-element elementor-element-5b16c90 e-flex e-con-boxed e-con e-parent\" data-id=\"5b16c90\" data-element_type=\"container\" data-settings=\"{&quot;background_background&quot;:&quot;classic&quot;}\">\n\t\t\t\t\t<div class=\"e-con-inner\">\n\t\t\t\t<div class=\"elementor-element elementor-element-04b5d04 elementor-align-center elementor-widget elementor-widget-button\" data-id=\"04b5d04\" data-element_type=\"widget\" data-widget_type=\"button.default\">\n\t\t\t\t\t\t\t\t\t\t<a class=\"elementor-button elementor-button-link elementor-size-sm\" href=\"https:\/\/sciagapao.com\/\">\n\t\t\t\t\t\t<span class=\"elementor-button-content-wrapper\">\n\t\t\t\t\t\t\t\t\t<span class=\"elementor-button-text\">RETOUR A L'ACCUEIL<\/span>\n\t\t\t\t\t<\/span>\n\t\t\t\t\t<\/a>\n\t\t\t\t\t\t\t\t<\/div>\n\t\t\t\t<div class=\"elementor-element elementor-element-811063f elementor-widget elementor-widget-heading\" data-id=\"811063f\" data-element_type=\"widget\" data-widget_type=\"heading.default\">\n\t\t\t\t\t<h2 class=\"elementor-heading-title elementor-size-default\">PROMOTION, VENTE ET D\u00c9VELOPPEMENT IMMOBILIER<\/h2>\t\t\t\t<\/div>\n\t\t\t\t\t<\/div>\n\t\t\t\t<\/div>\n\t\t<div class=\"elementor-element elementor-element-fb95518 e-flex e-con-boxed e-con e-parent\" data-id=\"fb95518\" data-element_type=\"container\" data-settings=\"{&quot;background_background&quot;:&quot;classic&quot;}\">\n\t\t\t\t\t<div class=\"e-con-inner\">\n\t\t\t\t<div class=\"elementor-element elementor-element-0e8f369 elementor-widget elementor-widget-text-editor\" data-id=\"0e8f369\" data-element_type=\"widget\" data-widget_type=\"text-editor.default\">\n\t\t\t\t\t\t\t\t\t<p>En promotion immobili\u00e8re, la vente et le d\u00e9veloppement immobilier sont deux aspects \u00e9troitement li\u00e9s mais distincts. La promotion immobili\u00e8re implique la conception, la r\u00e9alisation et la commercialisation de biens immobiliers. Le d\u00e9veloppement immobilier, quant \u00e0 lui, se concentre sur la recherche et l&rsquo;acquisition de terrains, ainsi que sur les \u00e9tudes de faisabilit\u00e9 et la planification des projets. La vente, quant \u00e0 elle, concerne la commercialisation des biens immobiliers construits, que ce soit en vente en l&rsquo;\u00e9tat futur d&rsquo;ach\u00e8vement (VEFA) ou apr\u00e8s leur ach\u00e8vement.\u00a0<\/p>\t\t\t\t\t\t\t\t<\/div>\n\t\t\t\t\t<\/div>\n\t\t\t\t<\/div>\n\t\t<div class=\"elementor-element elementor-element-7b56ea5 e-flex e-con-boxed e-con e-parent\" data-id=\"7b56ea5\" data-element_type=\"container\">\n\t\t\t\t\t<div class=\"e-con-inner\">\n\t\t<div class=\"elementor-element elementor-element-b289e01 e-con-full e-flex e-con e-child\" data-id=\"b289e01\" data-element_type=\"container\">\n\t\t\t\t<div class=\"elementor-element elementor-element-8566a3b elementor-widget elementor-widget-heading\" data-id=\"8566a3b\" data-element_type=\"widget\" data-widget_type=\"heading.default\">\n\t\t\t\t\t<h2 class=\"elementor-heading-title elementor-size-default\">PROMOTION IMMOBILIERE<\/h2>\t\t\t\t<\/div>\n\t\t\t\t<\/div>\n\t\t<div class=\"elementor-element elementor-element-d80b4e7 e-con-full e-flex e-con e-child\" data-id=\"d80b4e7\" data-element_type=\"container\">\n\t\t\t\t<div class=\"elementor-element elementor-element-2605ea9 elementor-widget elementor-widget-text-editor\" data-id=\"2605ea9\" data-element_type=\"widget\" data-widget_type=\"text-editor.default\">\n\t\t\t\t\t\t\t\t\t<p>La promotion immobili\u00e8re est l&rsquo;ensemble des activit\u00e9s visant \u00e0 concevoir, r\u00e9aliser et commercialiser des biens immobiliers (logements, bureaux, commerces, etc.).\u00a0\u2028<\/p><p><br \/>\u2022 R\u00f4le du promoteur : \u2028Le promoteur immobilier est le ma\u00eetre d&rsquo;ouvrage, il prend en charge l&rsquo;ensemble du projet, de la recherche du terrain au suivi des travaux, jusqu&rsquo;\u00e0 la commercialisation.\u00a0\u2028<\/p><p><br \/>\u00c9tapes cl\u00e9s :<\/p><p><br \/>\u2022 Recherche et acquisition du terrain.\u00a0\u2028<\/p><p><br \/>\u2022 \u00c9tude de faisabilit\u00e9 et conception du projet.\u00a0\u2028<\/p><p><br \/>\u2022 Recherche de financements.\u00a0\u2028<\/p><p><br \/>\u2022 Construction et suivi des travaux.\u00a0\u2028<\/p><p><br \/>\u2022 Commercialisation et vente des biens.\u00a0\u2028<\/p>\t\t\t\t\t\t\t\t<\/div>\n\t\t\t\t<\/div>\n\t\t\t\t\t<\/div>\n\t\t\t\t<\/div>\n\t\t<div class=\"elementor-element elementor-element-aee8a4d e-flex e-con-boxed e-con e-parent\" data-id=\"aee8a4d\" data-element_type=\"container\">\n\t\t\t\t\t<div class=\"e-con-inner\">\n\t\t<div class=\"elementor-element elementor-element-7d55c27 e-con-full e-flex e-con e-child\" data-id=\"7d55c27\" data-element_type=\"container\">\n\t\t\t\t<div class=\"elementor-element elementor-element-5e3b903 elementor-widget elementor-widget-heading\" data-id=\"5e3b903\" data-element_type=\"widget\" data-widget_type=\"heading.default\">\n\t\t\t\t\t<h2 class=\"elementor-heading-title elementor-size-default\">VENTE IMMOBILIERE<\/h2>\t\t\t\t<\/div>\n\t\t\t\t<\/div>\n\t\t<div class=\"elementor-element elementor-element-20d7b03 e-con-full e-flex e-con e-child\" data-id=\"20d7b03\" data-element_type=\"container\">\n\t\t\t\t<div class=\"elementor-element elementor-element-e249500 elementor-widget elementor-widget-text-editor\" data-id=\"e249500\" data-element_type=\"widget\" data-widget_type=\"text-editor.default\">\n\t\t\t\t\t\t\t\t\t<p>La vente immobili\u00e8re est l&rsquo;op\u00e9ration par laquelle un bien immobilier est transf\u00e9r\u00e9 \u00e0 un acheteur moyennant un prix.\u00a0\u2028<\/p><p><br \/>Types de vente :<\/p><p><br \/>\u2022 Vente en l&rsquo;\u00e9tat futur d&rsquo;ach\u00e8vement (VEFA) : Vente sur plan, le bien est vendu avant son ach\u00e8vement.\u00a0\u2028<\/p><p><br \/>\u2022 Vente apr\u00e8s ach\u00e8vement : Vente d&rsquo;un bien immobilier d\u00e9j\u00e0 construit.\u00a0\u2028<\/p><p><br \/>\u2022 R\u00f4le de l&rsquo;agent immobilier : \u2028L&rsquo;agent immobilier peut intervenir dans la commercialisation des biens immobiliers, que ce soit en tant qu&rsquo;interm\u00e9diaire ou en tant que mandataire.\u00a0\u2028<\/p>\t\t\t\t\t\t\t\t<\/div>\n\t\t\t\t<\/div>\n\t\t\t\t\t<\/div>\n\t\t\t\t<\/div>\n\t\t<div class=\"elementor-element elementor-element-fcdd7e0 e-flex e-con-boxed e-con e-parent\" data-id=\"fcdd7e0\" data-element_type=\"container\">\n\t\t\t\t\t<div class=\"e-con-inner\">\n\t\t<div class=\"elementor-element elementor-element-87d7662 e-con-full e-flex e-con e-child\" data-id=\"87d7662\" data-element_type=\"container\">\n\t\t\t\t<div class=\"elementor-element elementor-element-8fcd81a elementor-widget elementor-widget-heading\" data-id=\"8fcd81a\" data-element_type=\"widget\" data-widget_type=\"heading.default\">\n\t\t\t\t\t<h2 class=\"elementor-heading-title elementor-size-default\">DEVELOPPEMENT IMMOBILIERE<\/h2>\t\t\t\t<\/div>\n\t\t\t\t<\/div>\n\t\t<div class=\"elementor-element elementor-element-fa5e942 e-con-full e-flex e-con e-child\" data-id=\"fa5e942\" data-element_type=\"container\">\n\t\t\t\t<div class=\"elementor-element elementor-element-c859e89 elementor-widget elementor-widget-text-editor\" data-id=\"c859e89\" data-element_type=\"widget\" data-widget_type=\"text-editor.default\">\n\t\t\t\t\t\t\t\t\t<p>Le d\u00e9veloppement immobilier se concentre sur la recherche, l&rsquo;acquisition et la pr\u00e9paration des terrains pour des projets de construction.\u00a0\u2028<\/p><p><br \/>\u2022 R\u00f4le du d\u00e9veloppeur foncier : \u2028Le d\u00e9veloppeur foncier recherche des terrains constructibles, r\u00e9alise des \u00e9tudes de faisabilit\u00e9 et assure la viabilisation des terrains.\u00a0\u2028<\/p><p><br \/>\u2022 En promotion immobili\u00e8re, la vente et le d\u00e9veloppement immobilier sont deux aspects \u00e9troitement li\u00e9s mais distincts. La promotion immobili\u00e8re implique la conception, la r\u00e9alisation et la commercialisation de biens immobiliers. Le d\u00e9veloppement immobilier, quant \u00e0 lui, se concentre sur la recherche et l&rsquo;acquisition de terrains, ainsi que sur les \u00e9tudes de faisabilit\u00e9 et la planification des projets. La vente, quant \u00e0 elle, concerne la commercialisation des biens immobiliers construits, que ce soit en vente en l&rsquo;\u00e9tat futur d&rsquo;ach\u00e8vement (VEFA) ou apr\u00e8s leur ach\u00e8vement.\u00a0<\/p>\t\t\t\t\t\t\t\t<\/div>\n\t\t\t\t<\/div>\n\t\t\t\t\t<\/div>\n\t\t\t\t<\/div>\n\t\t\t\t<\/div>\n\t\t","protected":false},"excerpt":{"rendered":"<p>RETOUR A L&rsquo;ACCUEIL PROMOTION, VENTE ET D\u00c9VELOPPEMENT IMMOBILIER En promotion immobili\u00e8re, la vente et le d\u00e9veloppement immobilier sont deux aspects \u00e9troitement li\u00e9s mais distincts. La promotion immobili\u00e8re implique la conception, la r\u00e9alisation et la commercialisation de biens immobiliers. Le d\u00e9veloppement immobilier, quant \u00e0 lui, se concentre sur la recherche et l&rsquo;acquisition de terrains, ainsi que [&hellip;]<\/p>\n","protected":false},"author":1,"featured_media":0,"parent":0,"menu_order":0,"comment_status":"open","ping_status":"closed","template":"elementor_canvas","meta":{"footnotes":""},"class_list":["post-165","page","type-page","status-publish","hentry"],"_links":{"self":[{"href":"https:\/\/sciagapao.com\/index.php?rest_route=\/wp\/v2\/pages\/165","targetHints":{"allow":["GET"]}}],"collection":[{"href":"https:\/\/sciagapao.com\/index.php?rest_route=\/wp\/v2\/pages"}],"about":[{"href":"https:\/\/sciagapao.com\/index.php?rest_route=\/wp\/v2\/types\/page"}],"author":[{"embeddable":true,"href":"https:\/\/sciagapao.com\/index.php?rest_route=\/wp\/v2\/users\/1"}],"replies":[{"embeddable":true,"href":"https:\/\/sciagapao.com\/index.php?rest_route=%2Fwp%2Fv2%2Fcomments&post=165"}],"version-history":[{"count":13,"href":"https:\/\/sciagapao.com\/index.php?rest_route=\/wp\/v2\/pages\/165\/revisions"}],"predecessor-version":[{"id":230,"href":"https:\/\/sciagapao.com\/index.php?rest_route=\/wp\/v2\/pages\/165\/revisions\/230"}],"wp:attachment":[{"href":"https:\/\/sciagapao.com\/index.php?rest_route=%2Fwp%2Fv2%2Fmedia&parent=165"}],"curies":[{"name":"wp","href":"https:\/\/api.w.org\/{rel}","templated":true}]}}