{"id":65,"date":"2025-07-08T20:47:45","date_gmt":"2025-07-08T20:47:45","guid":{"rendered":"https:\/\/sciagapao.com\/?page_id=65"},"modified":"2025-07-09T07:15:33","modified_gmt":"2025-07-09T07:15:33","slug":"acquisition-construction-et-valorisation-des-biens-immobilier","status":"publish","type":"page","link":"https:\/\/sciagapao.com\/?page_id=65","title":{"rendered":"ACQUISITION CONSTRUCTION ET VALORISATION DES BIENS IMMOBILIER"},"content":{"rendered":"\t\t<div data-elementor-type=\"wp-page\" data-elementor-id=\"65\" class=\"elementor elementor-65\">\n\t\t\t\t<div class=\"elementor-element elementor-element-edd197a e-flex e-con-boxed e-con e-parent\" data-id=\"edd197a\" data-element_type=\"container\" data-settings=\"{&quot;background_background&quot;:&quot;classic&quot;}\">\n\t\t\t\t\t<div class=\"e-con-inner\">\n\t\t\t\t<div class=\"elementor-element elementor-element-d31beae elementor-align-center elementor-widget elementor-widget-button\" data-id=\"d31beae\" data-element_type=\"widget\" data-widget_type=\"button.default\">\n\t\t\t\t\t\t\t\t\t\t<a class=\"elementor-button elementor-button-link elementor-size-sm\" href=\"https:\/\/sciagapao.com\/\">\n\t\t\t\t\t\t<span class=\"elementor-button-content-wrapper\">\n\t\t\t\t\t\t\t\t\t<span class=\"elementor-button-text\">RETOUR A L'ACCUEIL<\/span>\n\t\t\t\t\t<\/span>\n\t\t\t\t\t<\/a>\n\t\t\t\t\t\t\t\t<\/div>\n\t\t\t\t<div class=\"elementor-element elementor-element-3a38777 elementor-widget elementor-widget-heading\" data-id=\"3a38777\" data-element_type=\"widget\" data-widget_type=\"heading.default\">\n\t\t\t\t\t<h2 class=\"elementor-heading-title elementor-size-default\">ACQUISITION CONSTRUCTION ET VALORISATION DES BIENS IMMOBILIER<\/h2>\t\t\t\t<\/div>\n\t\t\t\t\t<\/div>\n\t\t\t\t<\/div>\n\t\t<div class=\"elementor-element elementor-element-dbd90a7 e-flex e-con-boxed e-con e-parent\" data-id=\"dbd90a7\" data-element_type=\"container\" data-settings=\"{&quot;background_background&quot;:&quot;classic&quot;}\">\n\t\t\t\t\t<div class=\"e-con-inner\">\n\t\t\t\t<div class=\"elementor-element elementor-element-80ea91e elementor-widget elementor-widget-text-editor\" data-id=\"80ea91e\" data-element_type=\"widget\" data-widget_type=\"text-editor.default\">\n\t\t\t\t\t\t\t\t\t<p>L&rsquo;acquisition, la construction et la valorisation des biens immobiliers sont des processus qui impliquent des \u00e9tapes cl\u00e9s. L&rsquo;acquisition se r\u00e9f\u00e8re \u00e0 l&rsquo;achat ou au transfert de propri\u00e9t\u00e9 d&rsquo;un bien immobilier, tandis que la construction implique la cr\u00e9ation d&rsquo;un nouveau bien, souvent \u00e0 partir de z\u00e9ro. La valorisation, quant \u00e0 elle, concerne l&rsquo;estimation de la valeur d&rsquo;un bien immobilier, que ce soit pour la vente, la location ou d&rsquo;autres fins. Ces trois domaines sont interconnect\u00e9s et essentiels dans le secteur immobilier.\u00a0<\/p>\n<div id=\"simple-translate\" class=\"simple-translate-system-theme\">\n<div>\n<div class=\"simple-translate-button isShow\" style=\"background-image: url('moz-extension:\/\/c85cf034-4b4e-4ad0-adf0-3501edf84306\/icons\/512.png'); height: 22px; width: 22px; top: 30px; left: -11px;\">\u00a0<\/div>\n<div class=\"simple-translate-panel \" style=\"width: 300px; height: 200px; top: 0px; left: 0px; font-size: 13px;\">\n<div class=\"simple-translate-result-wrapper\" style=\"overflow: hidden;\">\n<div class=\"simple-translate-move\" draggable=\"true\">\u00a0<\/div>\n<div class=\"simple-translate-result-contents\">\n<p class=\"simple-translate-result\" dir=\"auto\">\u00a0<\/p>\n<p class=\"simple-translate-candidate\" dir=\"auto\">\u00a0<\/p>\n<\/div>\n<\/div>\n<\/div>\n<\/div>\n<\/div>\t\t\t\t\t\t\t\t<\/div>\n\t\t\t\t\t<\/div>\n\t\t\t\t<\/div>\n\t\t<div class=\"elementor-element elementor-element-0df9a48 e-flex e-con-boxed e-con e-parent\" data-id=\"0df9a48\" data-element_type=\"container\">\n\t\t\t\t\t<div class=\"e-con-inner\">\n\t\t<div class=\"elementor-element elementor-element-a32195d e-con-full e-flex e-con e-child\" data-id=\"a32195d\" data-element_type=\"container\">\n\t\t\t\t<div class=\"elementor-element elementor-element-2308dd1 elementor-widget elementor-widget-heading\" data-id=\"2308dd1\" data-element_type=\"widget\" data-widget_type=\"heading.default\">\n\t\t\t\t\t<h2 class=\"elementor-heading-title elementor-size-default\">ACQUISITION IMMOBILIERE<\/h2>\t\t\t\t<\/div>\n\t\t\t\t<\/div>\n\t\t<div class=\"elementor-element elementor-element-d91edaa e-con-full e-flex e-con e-child\" data-id=\"d91edaa\" data-element_type=\"container\">\n\t\t\t\t<div class=\"elementor-element elementor-element-3d4271a elementor-widget elementor-widget-text-editor\" data-id=\"3d4271a\" data-element_type=\"widget\" data-widget_type=\"text-editor.default\">\n\t\t\t\t\t\t\t\t\t<p>L&rsquo;acquisition immobili\u00e8re est le processus par lequel une personne ou une entit\u00e9 obtient le droit de propri\u00e9t\u00e9 ou de contr\u00f4le sur un bien immobilier.\u00a0\u2028<\/p><p>\u00a0<\/p><p><span style=\"text-decoration: underline;\"><em><strong>\u00c9tapes cl\u00e9s<\/strong><\/em><\/span><\/p><p>\u00a0<\/p><p>\u2022 Recherche et s\u00e9lection : D\u00e9finir ses besoins, son budget, et rechercher des biens correspondants.\u00a0\u2028<\/p><p>\u00a0<\/p><p>\u2022 Visites et n\u00e9gociations : Organiser des visites, \u00e9valuer les biens, et n\u00e9gocier le prix avec le vendeur.\u00a0\u2028<\/p><p>\u00a0<\/p><p>\u2022 Financement : Obtenir un pr\u00eat immobilier si n\u00e9cessaire.\u00a0\u2028<\/p><p>\u00a0<\/p><p>\u2022 Signature du compromis de vente : Un contrat pr\u00e9liminaire qui engage les parties.\u00a0\u2028<\/p><p>\u00a0<\/p><p>\u2022 Acte de vente authentique : Signature devant notaire, officialisant le transfert de propri\u00e9t\u00e9.\u00a0\u2028<\/p><p>\u00a0<\/p><p>\u2022 Types d\u2019acquisition : \u2028Achat en pleine propri\u00e9t\u00e9, achat en indivision, achat en viager, achat \u00e0 terme, etc.\u00a0\u2028<\/p><div id=\"simple-translate\" class=\"simple-translate-system-theme\"><div><div class=\"simple-translate-button isShow\" style=\"background-image: url('moz-extension:\/\/c85cf034-4b4e-4ad0-adf0-3501edf84306\/icons\/512.png'); height: 22px; width: 22px; top: 208px; left: -11px;\">\u00a0<\/div><div class=\"simple-translate-panel \" style=\"width: 300px; height: 200px; top: 0px; left: 0px; font-size: 13px;\"><div class=\"simple-translate-result-wrapper\" style=\"overflow: hidden;\"><div class=\"simple-translate-move\" draggable=\"true\">\u00a0<\/div><div class=\"simple-translate-result-contents\"><p class=\"simple-translate-result\" dir=\"auto\">\u00a0<\/p><p class=\"simple-translate-candidate\" dir=\"auto\">\u00a0<\/p><\/div><\/div><\/div><\/div><\/div>\t\t\t\t\t\t\t\t<\/div>\n\t\t\t\t<\/div>\n\t\t\t\t\t<\/div>\n\t\t\t\t<\/div>\n\t\t<div class=\"elementor-element elementor-element-d65f282 e-flex e-con-boxed e-con e-parent\" data-id=\"d65f282\" data-element_type=\"container\">\n\t\t\t\t\t<div class=\"e-con-inner\">\n\t\t<div class=\"elementor-element elementor-element-84f0f00 e-con-full e-flex e-con e-child\" data-id=\"84f0f00\" data-element_type=\"container\">\n\t\t\t\t<div class=\"elementor-element elementor-element-2299b2d elementor-widget elementor-widget-heading\" data-id=\"2299b2d\" data-element_type=\"widget\" data-widget_type=\"heading.default\">\n\t\t\t\t\t<h2 class=\"elementor-heading-title elementor-size-default\">CONSTRUCTION IMMOBILIERE<\/h2>\t\t\t\t<\/div>\n\t\t\t\t<\/div>\n\t\t<div class=\"elementor-element elementor-element-a48b09b e-con-full e-flex e-con e-child\" data-id=\"a48b09b\" data-element_type=\"container\">\n\t\t\t\t<div class=\"elementor-element elementor-element-6737a89 elementor-widget elementor-widget-text-editor\" data-id=\"6737a89\" data-element_type=\"widget\" data-widget_type=\"text-editor.default\">\n\t\t\t\t\t\t\t\t\t<p>La construction immobili\u00e8re est le processus de cr\u00e9ation d&rsquo;un bien immobilier, qu&rsquo;il s&rsquo;agisse d&rsquo;une maison individuelle, d&rsquo;un immeuble collectif ou d&rsquo;autres types de constructions.\u00a0\u2028<\/p>\n<p><br \/>\u00c9tapes cl\u00e9s :<\/p>\n<p><br \/>\u2022 Conception : \u00c9laboration des plans et des sp\u00e9cifications techniques.\u00a0\u2028<\/p>\n<p><br \/>\u2022 Obtention des permis : Demande et obtention des autorisations n\u00e9cessaires.\u00a0\u2028<\/p>\n<p><br \/>\u2022 Travaux : Mise en \u0153uvre des diff\u00e9rentes \u00e9tapes de construction (fondations, gros \u0153uvre, second \u0153uvre, finitions).<\/p>\n<p>\u00a0\u2028<br \/>\u2022 R\u00e9ception des travaux : V\u00e9rification de la conformit\u00e9 des travaux par rapport aux plans et aux normes.\u00a0\u2028<\/p>\n<p><br \/>\u2022 Co\u00fbts : \u2028Les co\u00fbts de construction peuvent varier en fonction de la complexit\u00e9 du projet, des mat\u00e9riaux utilis\u00e9s, de la main-d&rsquo;\u0153uvre, etc.\u00a0\u2028<\/p>\t\t\t\t\t\t\t\t<\/div>\n\t\t\t\t<\/div>\n\t\t\t\t\t<\/div>\n\t\t\t\t<\/div>\n\t\t\t\t<\/div>\n\t\t","protected":false},"excerpt":{"rendered":"<p>RETOUR A L&rsquo;ACCUEIL ACQUISITION CONSTRUCTION ET VALORISATION DES BIENS IMMOBILIER L&rsquo;acquisition, la construction et la valorisation des biens immobiliers sont des processus qui impliquent des \u00e9tapes cl\u00e9s. L&rsquo;acquisition se r\u00e9f\u00e8re \u00e0 l&rsquo;achat ou au transfert de propri\u00e9t\u00e9 d&rsquo;un bien immobilier, tandis que la construction implique la cr\u00e9ation d&rsquo;un nouveau bien, souvent \u00e0 partir de z\u00e9ro. [&hellip;]<\/p>\n","protected":false},"author":1,"featured_media":0,"parent":0,"menu_order":0,"comment_status":"closed","ping_status":"closed","template":"elementor_canvas","meta":{"footnotes":""},"class_list":["post-65","page","type-page","status-publish","hentry"],"_links":{"self":[{"href":"https:\/\/sciagapao.com\/index.php?rest_route=\/wp\/v2\/pages\/65","targetHints":{"allow":["GET"]}}],"collection":[{"href":"https:\/\/sciagapao.com\/index.php?rest_route=\/wp\/v2\/pages"}],"about":[{"href":"https:\/\/sciagapao.com\/index.php?rest_route=\/wp\/v2\/types\/page"}],"author":[{"embeddable":true,"href":"https:\/\/sciagapao.com\/index.php?rest_route=\/wp\/v2\/users\/1"}],"replies":[{"embeddable":true,"href":"https:\/\/sciagapao.com\/index.php?rest_route=%2Fwp%2Fv2%2Fcomments&post=65"}],"version-history":[{"count":73,"href":"https:\/\/sciagapao.com\/index.php?rest_route=\/wp\/v2\/pages\/65\/revisions"}],"predecessor-version":[{"id":239,"href":"https:\/\/sciagapao.com\/index.php?rest_route=\/wp\/v2\/pages\/65\/revisions\/239"}],"wp:attachment":[{"href":"https:\/\/sciagapao.com\/index.php?rest_route=%2Fwp%2Fv2%2Fmedia&parent=65"}],"curies":[{"name":"wp","href":"https:\/\/api.w.org\/{rel}","templated":true}]}}